{"id":417,"date":"2024-09-27T14:45:45","date_gmt":"2024-09-27T14:45:45","guid":{"rendered":"https:\/\/i101.de\/?page_id=417"},"modified":"2024-10-01T14:03:56","modified_gmt":"2024-10-01T14:03:56","slug":"rassen","status":"publish","type":"page","link":"https:\/\/i101.de\/?page_id=417","title":{"rendered":"Rassen"},"content":{"rendered":"\t\t<div data-elementor-type=\"wp-page\" data-elementor-id=\"417\" class=\"elementor elementor-417\">\n\t\t\t\t\t\t\t<div class=\"elementor-element elementor-element-b187330 e-con-boxed e-flex e-con\" data-id=\"b187330\" data-element_type=\"container\" data-settings=\"{&quot;content_width&quot;:&quot;boxed&quot;}\">\n\t\t\t\t\t<div class=\"e-con-inner\">\n\t\t\t\t<div class=\"elementor-element elementor-element-f9a8d88 elementor-widget elementor-widget-spacer\" data-id=\"f9a8d88\" data-element_type=\"widget\" data-widget_type=\"spacer.default\">\n\t\t\t\t<div class=\"elementor-widget-container\">\n\t\t\t<style>\/*! elementor - v3.13.3 - 28-05-2023 *\/\n.elementor-column .elementor-spacer-inner{height:var(--spacer-size)}.e-con{--container-widget-width:100%}.e-con-inner>.elementor-widget-spacer,.e-con>.elementor-widget-spacer{width:var(--container-widget-width,var(--spacer-size));--align-self:var(--container-widget-align-self,initial);--flex-shrink:0}.e-con-inner>.elementor-widget-spacer>.elementor-widget-container,.e-con-inner>.elementor-widget-spacer>.elementor-widget-container>.elementor-spacer,.e-con>.elementor-widget-spacer>.elementor-widget-container,.e-con>.elementor-widget-spacer>.elementor-widget-container>.elementor-spacer{height:100%}.e-con-inner>.elementor-widget-spacer>.elementor-widget-container>.elementor-spacer>.elementor-spacer-inner,.e-con>.elementor-widget-spacer>.elementor-widget-container>.elementor-spacer>.elementor-spacer-inner{height:var(--container-widget-height,var(--spacer-size))}<\/style>\t\t<div class=\"elementor-spacer\">\n\t\t\t<div class=\"elementor-spacer-inner\"><\/div>\n\t\t<\/div>\n\t\t\t\t<\/div>\n\t\t\t\t<\/div>\n\t\t\t\t<div class=\"elementor-element elementor-element-eed832d elementor-widget elementor-widget-spacer\" data-id=\"eed832d\" data-element_type=\"widget\" data-widget_type=\"spacer.default\">\n\t\t\t\t<div class=\"elementor-widget-container\">\n\t\t\t\t\t<div class=\"elementor-spacer\">\n\t\t\t<div class=\"elementor-spacer-inner\"><\/div>\n\t\t<\/div>\n\t\t\t\t<\/div>\n\t\t\t\t<\/div>\n\t\t\t\t<div class=\"elementor-element elementor-element-88b1be7 animated-slow elementor-widget elementor-widget-text-editor\" data-id=\"88b1be7\" data-element_type=\"widget\" data-settings=\"{&quot;_animation&quot;:&quot;none&quot;}\" data-widget_type=\"text-editor.default\">\n\t\t\t\t<div class=\"elementor-widget-container\">\n\t\t\t<style>\/*! elementor - v3.13.3 - 28-05-2023 *\/\n.elementor-widget-text-editor.elementor-drop-cap-view-stacked .elementor-drop-cap{background-color:#69727d;color:#fff}.elementor-widget-text-editor.elementor-drop-cap-view-framed .elementor-drop-cap{color:#69727d;border:3px solid;background-color:transparent}.elementor-widget-text-editor:not(.elementor-drop-cap-view-default) .elementor-drop-cap{margin-top:8px}.elementor-widget-text-editor:not(.elementor-drop-cap-view-default) .elementor-drop-cap-letter{width:1em;height:1em}.elementor-widget-text-editor .elementor-drop-cap{float:left;text-align:center;line-height:1;font-size:50px}.elementor-widget-text-editor .elementor-drop-cap-letter{display:inline-block}<\/style>\t\t\t\t<p><strong>Deutsche Riesen grau<\/strong><br \/><br \/><strong>Deutsche Riesen gelb<\/strong><br \/><br \/><strong>Helle Gro\u00dfsilber<\/strong><br \/><br \/><strong>Gro\u00dfchinchilla<\/strong><br \/><br \/><strong>Mecklenburger Schecken schwarz-wei\u00df<\/strong><br \/><br \/><strong>Mecklenburger Schecken blau-wei\u00df<\/strong><br \/><br \/><strong>Mecklenburger Schecken rot-wei\u00df<\/strong><br \/><br \/><strong>Blaue Wiener<\/strong><br \/><br \/><strong>Schwarze Wiener<\/strong><br \/><br \/><strong>Graue Wiener wildfarben<\/strong><br \/><br \/><strong>Blaugraue Wiener<\/strong><br \/><br \/><strong>Rote Neuseel\u00e4nder<\/strong><br \/><br \/><strong>Wei\u00dfgrannen schwarz<\/strong><br \/><br \/><strong>Havanna<\/strong><br \/><br \/><strong>Sallander<\/strong><br \/><br \/><strong>Kleinschecken schwarz-wei\u00df<\/strong><br \/><br \/><strong>Satin-Th\u00fcringerfarbig<\/strong><br \/><br \/><strong>Satin-Hasenfarbig<\/strong><\/p><p><strong>Deutsche Kleinwidder wildgrau<\/strong><br \/><br \/><strong>Deutsche Kleinwidder dunkel\/eisengrau<\/strong><br \/><br \/><strong>Deutsche Kleinwidder wildfarbig\/wei\u00df und eisengrau\/wei\u00df<\/strong><br \/><br \/><strong>Kleinchinchilla<\/strong><br \/><br \/><strong>Deilenaar<\/strong><br \/><br \/><strong>Sachsengold<\/strong><br \/><br \/><strong>Rh\u00f6nkaninchen<\/strong><br \/><br \/><strong>Perlfeh<\/strong><br \/><br \/><strong>Kleinsilber schwarz<\/strong><br \/><br \/><strong>Schwarzgrannen<\/strong><br \/><br \/><strong>Kastanienbraune Lothringer<\/strong><br \/><br \/><strong>Zwergwidder wei\u00df Rotauge<\/strong><br \/><br \/><strong>Zwergwidder wildfarben<\/strong><br \/><br \/><strong>Zwergwidder blau<\/strong><br \/><br \/><strong>Zwergwidder havanna<\/strong><br \/><br \/><strong>Zwergwidder th\u00fcringerfarbig<\/strong><br \/><br \/><strong>Zwergwidder wei\u00dfgrannen schwarz<\/strong><br \/><br \/><strong>Zwergwidder wei\u00dfgrannen blau<\/strong><br \/><br \/><strong>Zwergwidder marderfarbig braun<\/strong><br \/><br \/><strong>Zwergwidder marderfarbig blau<\/strong><br \/><br \/><strong>Hermelin<\/strong><br \/><br \/><strong>Farbenzwerge rot<\/strong><br \/><br \/><strong>Farbenzwerge havanna<\/strong><br \/><br \/><strong>Farbenzwerge siamensenfarbig gelb<\/strong><br \/><br \/><strong>Farbenzwerge havannasilber<\/strong><br \/><br \/><strong>Farbenzwerge marderfarbig- braun<\/strong><br \/><br \/><strong>Farbenzwerge wei\u00dfgrannen schwarz<\/strong><br \/><br \/><strong>Farbenzwerge wei\u00dfgrannen blau<\/strong><br \/><br \/><strong>Farbenzwerge wei\u00dfgrannen havannafarbig<\/strong><br \/><br \/><strong>Farbenzwerge lohfarbig havanna<\/strong><br \/><br \/><strong>Farbenzwerge mantelgescheckt hav\/wei\u00df<\/strong><br \/><br \/><strong>Loh Rex Schwarz<\/strong><br \/><br \/><strong>Dalmatiner Rex schwarz-wei\u00df<\/strong><br \/><br \/><strong>Dalmatiner Rexe dreifarbig<\/strong><br \/><br \/><strong>Klein-Rexe K\u00f6nigsmantelgescheckt schwarz-gelb<\/strong><br \/><br \/><strong>Zwergrexe-Dalmatiner<\/strong><br \/><br \/><strong>L\u00f6wenk\u00f6pfchen rh\u00f6nfarbig<\/strong><br \/><br \/><strong>L\u00f6wenk\u00f6pfchen japanerfarbig<\/strong><\/p>\t\t\t\t\t\t<\/div>\n\t\t\t\t<\/div>\n\t\t\t\t\t<\/div>\n\t\t\t\t<\/div>\n\t\t\t\t\t\t\t<\/div>\n\t\t","protected":false},"excerpt":{"rendered":"<p>Deutsche Riesen grau Deutsche Riesen gelb Helle Gro\u00dfsilber Gro\u00dfchinchilla Mecklenburger Schecken schwarz-wei\u00df Mecklenburger Schecken blau-wei\u00df Mecklenburger Schecken rot-wei\u00df Blaue Wiener Schwarze Wiener Graue Wiener wildfarben Blaugraue Wiener Rote Neuseel\u00e4nder Wei\u00dfgrannen schwarz Havanna Sallander Kleinschecken schwarz-wei\u00df Satin-Th\u00fcringerfarbig Satin-Hasenfarbig Deutsche Kleinwidder wildgrau Deutsche Kleinwidder dunkel\/eisengrau Deutsche Kleinwidder wildfarbig\/wei\u00df und eisengrau\/wei\u00df Kleinchinchilla Deilenaar Sachsengold Rh\u00f6nkaninchen Perlfeh Kleinsilber schwarz &hellip;<\/p>\n<p class=\"read-more\"> <a class=\"\" href=\"https:\/\/i101.de\/?page_id=417\"> <span class=\"screen-reader-text\">Rassen<\/span> Weiterlesen &raquo;<\/a><\/p>\n","protected":false},"author":5,"featured_media":0,"parent":0,"menu_order":0,"comment_status":"closed","ping_status":"closed","template":"","meta":{"site-sidebar-layout":"no-sidebar","site-content-layout":"page-builder","ast-global-header-display":"","ast-banner-title-visibility":"","ast-main-header-display":"","ast-hfb-above-header-display":"","ast-hfb-below-header-display":"","ast-hfb-mobile-header-display":"","site-post-title":"disabled","ast-breadcrumbs-content":"","ast-featured-img":"disabled","footer-sml-layout":"","theme-transparent-header-meta":"","adv-header-id-meta":"","stick-header-meta":"","header-above-stick-meta":"","header-main-stick-meta":"","header-below-stick-meta":"","footnotes":""},"class_list":["post-417","page","type-page","status-publish","hentry"],"_links":{"self":[{"href":"https:\/\/i101.de\/index.php?rest_route=\/wp\/v2\/pages\/417","targetHints":{"allow":["GET"]}}],"collection":[{"href":"https:\/\/i101.de\/index.php?rest_route=\/wp\/v2\/pages"}],"about":[{"href":"https:\/\/i101.de\/index.php?rest_route=\/wp\/v2\/types\/page"}],"author":[{"embeddable":true,"href":"https:\/\/i101.de\/index.php?rest_route=\/wp\/v2\/users\/5"}],"replies":[{"embeddable":true,"href":"https:\/\/i101.de\/index.php?rest_route=%2Fwp%2Fv2%2Fcomments&post=417"}],"version-history":[{"count":7,"href":"https:\/\/i101.de\/index.php?rest_route=\/wp\/v2\/pages\/417\/revisions"}],"predecessor-version":[{"id":454,"href":"https:\/\/i101.de\/index.php?rest_route=\/wp\/v2\/pages\/417\/revisions\/454"}],"wp:attachment":[{"href":"https:\/\/i101.de\/index.php?rest_route=%2Fwp%2Fv2%2Fmedia&parent=417"}],"curies":[{"name":"wp","href":"https:\/\/api.w.org\/{rel}","templated":true}]}}